{"id":28,"date":"2023-11-28T16:55:10","date_gmt":"2023-11-28T16:55:10","guid":{"rendered":"https:\/\/portalfiscal.com.mx\/wordpress\/?page_id=28"},"modified":"2026-03-19T13:47:24","modified_gmt":"2026-03-19T19:47:24","slug":"indicadores","status":"publish","type":"page","link":"https:\/\/portalfiscal.com.mx\/wordpress\/","title":{"rendered":"Indicadores"},"content":{"rendered":"\r\n<figure class=\"wp-block-table alignwide\">\r\n<table>\r\n<tbody>\r\n<tr>\r\n<td><a href=\"http:\/\/www.portalfiscal.com.mx\/pagina\/principal\/indicadores\/tipos%20de%20cambio.htm\" target=\"_blank\" rel=\"noreferrer noopener\">Tipos de cambio aplicables del Banco de M\u00e9xico<\/a><\/td>\r\n<td><a href=\"http:\/\/www.portalfiscal.com.mx\/pagina\/principal\/indicadores\/INPC.htm\" target=\"_blank\" rel=\"noreferrer noopener\">\u00cdndice Nacional de Precios al Consumidor (INPC)<\/a><\/td>\r\n<\/tr>\r\n<tr>\r\n<td><a href=\"http:\/\/www.portalfiscal.com.mx\/pagina\/principal\/indicadores\/equivalencias%20moneda%20extranjera.htm\" target=\"_blank\" rel=\"noreferrer noopener\">Equivalencias de moneda extranjera respecto al d\u00f3lar<\/a><\/td>\r\n<td><a href=\"http:\/\/www.portalfiscal.com.mx\/pagina\/principal\/indicadores\/unidad%20de%20medida%20y%20actualizacion.htm\" target=\"_blank\" rel=\"noreferrer noopener\">Unidad de Medida y Actualizaci\u00f3n (UMA)<\/a><\/td>\r\n<\/tr>\r\n<tr>\r\n<td><a href=\"http:\/\/www.portalfiscal.com.mx\/pagina\/principal\/indicadores\/udis.htm\" target=\"_blank\" rel=\"noreferrer noopener\">Unidades de Inversi\u00f3n (UDIS)<\/a><\/td>\r\n<td><a href=\"http:\/\/www.portalfiscal.com.mx\/pagina\/principal\/indicadores\/tasas%20de%20recargos.htm\" target=\"_blank\" rel=\"noreferrer noopener\">Tasas de recargos federales<\/a><\/td>\r\n<\/tr>\r\n<tr>\r\n<td><a href=\"http:\/\/www.portalfiscal.com.mx\/pagina\/principal\/indicadores\/tarifas%20retencion%20ISR.htm\" target=\"_blank\" rel=\"noreferrer noopener\">Tarifas aplicables a retenciones de ISR<\/a><\/td>\r\n<td><a href=\"http:\/\/www.portalfiscal.com.mx\/pagina\/principal\/indicadores\/tarifas%20pagos%20provisionales%20ISR.htm\" target=\"_blank\" rel=\"noreferrer noopener\">Tarifas aplicables a pagos provisionales de ISR<\/a><\/td>\r\n<\/tr>\r\n<tr>\r\n<td><a href=\"http:\/\/www.portalfiscal.com.mx\/pagina\/principal\/indicadores\/tarifa%20ISR%20anual.htm\" target=\"_blank\" rel=\"noreferrer noopener\">Tarifa para el c\u00e1lculo del ISR anual<\/a><\/td>\r\n<td><a href=\"http:\/\/www.portalfiscal.com.mx\/pagina\/principal\/indicadores\/Porcentajes%20de%20financiamiento%20CUOTAS%20IMSS.htm\" target=\"_blank\" rel=\"noreferrer noopener\">Porcentajes de financiamiento de cuotas obrero patronales IMSS<\/a><\/td>\r\n<\/tr>\r\n<tr>\r\n<td><a href=\"http:\/\/www.portalfiscal.com.mx\/pagina\/principal\/indicadores\/salarios%20minimos%20generales.htm\" target=\"_blank\" rel=\"noreferrer noopener\">Salarios m\u00ednimos generales<\/a><\/td>\r\n<td><a href=\"http:\/\/www.portalfiscal.com.mx\/pagina\/principal\/indicadores\/unidad%20mixta%20infonavit.htm\" target=\"_blank\" rel=\"noreferrer noopener\">Unidad Mixta Infonavit (UMI)<\/a><\/td>\r\n<\/tr>\r\n<\/tbody>\r\n<\/table>\r\n<\/figure>\r\n\r\n\r\n\r\n<blockquote>\r\n<p class=\"has-text-align-center\">Dudas y sugerencias relacionadas con portalfiscal <a href=\"mailto:rcruzb@portalfiscal.com.mx\">rcruzb@portalfiscal.com.mx<\/a><\/p>\r\n<\/blockquote>\r\n\r\n\r\n\r\n<p>&nbsp;<\/p>\r\n","protected":false},"excerpt":{"rendered":"<p>Tipos de cambio aplicables del Banco de M\u00e9xico \u00cdndice Nacional de Precios al Consumidor (INPC) Equivalencias de moneda extranjera respecto al d\u00f3lar Unidad de Medida y Actualizaci\u00f3n (UMA) Unidades de Inversi\u00f3n (UDIS) Tasas de recargos federales Tarifas aplicables a retenciones de ISR Tarifas aplicables a pagos provisionales de ISR Tarifa para el c\u00e1lculo del ISR [&hellip;]<\/p>\n","protected":false},"author":1,"featured_media":0,"parent":0,"menu_order":0,"comment_status":"closed","ping_status":"closed","template":"","meta":{"footnotes":""},"class_list":["post-28","page","type-page","status-publish","hentry"],"_links":{"self":[{"href":"https:\/\/portalfiscal.com.mx\/wordpress\/index.php?rest_route=\/wp\/v2\/pages\/28","targetHints":{"allow":["GET"]}}],"collection":[{"href":"https:\/\/portalfiscal.com.mx\/wordpress\/index.php?rest_route=\/wp\/v2\/pages"}],"about":[{"href":"https:\/\/portalfiscal.com.mx\/wordpress\/index.php?rest_route=\/wp\/v2\/types\/page"}],"author":[{"embeddable":true,"href":"https:\/\/portalfiscal.com.mx\/wordpress\/index.php?rest_route=\/wp\/v2\/users\/1"}],"replies":[{"embeddable":true,"href":"https:\/\/portalfiscal.com.mx\/wordpress\/index.php?rest_route=%2Fwp%2Fv2%2Fcomments&post=28"}],"version-history":[{"count":7,"href":"https:\/\/portalfiscal.com.mx\/wordpress\/index.php?rest_route=\/wp\/v2\/pages\/28\/revisions"}],"predecessor-version":[{"id":1306,"href":"https:\/\/portalfiscal.com.mx\/wordpress\/index.php?rest_route=\/wp\/v2\/pages\/28\/revisions\/1306"}],"wp:attachment":[{"href":"https:\/\/portalfiscal.com.mx\/wordpress\/index.php?rest_route=%2Fwp%2Fv2%2Fmedia&parent=28"}],"curies":[{"name":"wp","href":"https:\/\/api.w.org\/{rel}","templated":true}]}}